{"id":9957,"date":"2023-12-11T12:48:46","date_gmt":"2023-12-11T17:48:46","guid":{"rendered":"https:\/\/testsm.site\/metapraxisprueba\/?page_id=9957"},"modified":"2023-12-11T12:55:17","modified_gmt":"2023-12-11T17:55:17","slug":"metodologia","status":"publish","type":"page","link":"https:\/\/testsm.site\/metapraxisprueba\/metodologia\/","title":{"rendered":"Metodolog\u00eda"},"content":{"rendered":"\t\t<div data-elementor-type=\"wp-page\" data-elementor-id=\"9957\" class=\"elementor elementor-9957\">\n\t\t\t\t\t\t\t        <section class=\"elementor-section elementor-top-section elementor-element elementor-element-a4ee903 elementor-section-boxed elementor-section-height-default elementor-section-height-default ct-header-fixed-none ct-row-max-none\" data-id=\"a4ee903\" data-element_type=\"section\">\n            \n                        <div class=\"elementor-container elementor-column-gap-default \">\n                    <div class=\"elementor-column elementor-col-100 elementor-top-column elementor-element elementor-element-8351f6f\" data-id=\"8351f6f\" data-element_type=\"column\">\n            <div class=\"elementor-widget-wrap elementor-element-populated\">\n                        \t\t<div class=\"elementor-element elementor-element-e065200 elementor-widget elementor-widget-spacer\" data-id=\"e065200\" data-element_type=\"widget\" data-widget_type=\"spacer.default\">\n\t\t\t\t<div class=\"elementor-widget-container\">\n\t\t\t<style>\/*! elementor - v3.17.0 - 08-11-2023 *\/\n.elementor-column .elementor-spacer-inner{height:var(--spacer-size)}.e-con{--container-widget-width:100%}.e-con-inner>.elementor-widget-spacer,.e-con>.elementor-widget-spacer{width:var(--container-widget-width,var(--spacer-size));--align-self:var(--container-widget-align-self,initial);--flex-shrink:0}.e-con-inner>.elementor-widget-spacer>.elementor-widget-container,.e-con>.elementor-widget-spacer>.elementor-widget-container{height:100%;width:100%}.e-con-inner>.elementor-widget-spacer>.elementor-widget-container>.elementor-spacer,.e-con>.elementor-widget-spacer>.elementor-widget-container>.elementor-spacer{height:100%}.e-con-inner>.elementor-widget-spacer>.elementor-widget-container>.elementor-spacer>.elementor-spacer-inner,.e-con>.elementor-widget-spacer>.elementor-widget-container>.elementor-spacer>.elementor-spacer-inner{height:var(--container-widget-height,var(--spacer-size))}.e-con-inner>.elementor-widget-spacer.elementor-widget-empty,.e-con>.elementor-widget-spacer.elementor-widget-empty{position:relative;min-height:22px;min-width:22px}.e-con-inner>.elementor-widget-spacer.elementor-widget-empty .elementor-widget-empty-icon,.e-con>.elementor-widget-spacer.elementor-widget-empty .elementor-widget-empty-icon{position:absolute;top:0;bottom:0;left:0;right:0;margin:auto;padding:0;width:22px;height:22px}<\/style>\t\t<div class=\"elementor-spacer\">\n\t\t\t<div class=\"elementor-spacer-inner\"><\/div>\n\t\t<\/div>\n\t\t\t\t<\/div>\n\t\t\t\t<\/div>\n\t\t        <section class=\"elementor-section elementor-inner-section elementor-element elementor-element-b931bb1 elementor-section-content-middle elementor-section-boxed elementor-section-height-default elementor-section-height-default ct-header-fixed-none ct-row-max-none\" data-id=\"b931bb1\" data-element_type=\"section\">\n            \n                        <div class=\"elementor-container elementor-column-gap-extended \">\n                    <div class=\"elementor-column elementor-col-50 elementor-inner-column elementor-element elementor-element-6844e09\" data-id=\"6844e09\" data-element_type=\"column\">\n            <div class=\"elementor-widget-wrap elementor-element-populated\">\n                        \t\t<div class=\"elementor-element elementor-element-512d7c5 elementor-widget elementor-widget-ct_heading\" data-id=\"512d7c5\" data-element_type=\"widget\" data-widget_type=\"ct_heading.default\">\n\t\t\t\t<div class=\"elementor-widget-container\">\n\t\t\t<div id=\"ct_heading-512d7c5\" class=\"ct-heading h-align-left sub-style1 ct-heading-left item-st-default\">\r\n\t<div class=\"ct-item--inner\">\r\n        <div class=\"ct-inline-css\"  data-css=\"\r\n            \">\r\n        <\/div>\r\n                <h3 class=\"item--title st-default case-animate-time\" data-wow-delay=\"ms\">\r\n                        <span class=\"sp-main\">\r\n                \r\n                Metodolog\u00eda\r\n                \r\n                            <\/span>\r\n                    <\/h3>\r\n    <\/div>\r\n<\/div>\t\t<\/div>\n\t\t\t\t<\/div>\n\t\t            <\/div>\n        <\/div>\n                <div class=\"elementor-column elementor-col-50 elementor-inner-column elementor-element elementor-element-9a78b44\" data-id=\"9a78b44\" data-element_type=\"column\">\n            <div class=\"elementor-widget-wrap elementor-element-populated\">\n                        \t\t<div class=\"elementor-element elementor-element-b70c597 elementor-hidden-desktop elementor-hidden-laptop elementor-hidden-tablet elementor-hidden-mobile elementor-widget elementor-widget-ct_text_editor\" data-id=\"b70c597\" data-element_type=\"widget\" data-widget_type=\"ct_text_editor.default\">\n\t\t\t\t<div class=\"elementor-widget-container\">\n\t\t\t<div id=\"ct_text_editor-b70c597\" class=\"ct-text-editor \" data-wow-delay=\"ms\">\n\t<div class=\"ct-item--inner\">\n\t\t<div class=\"ct-inline-css\"  data-css=\"\n\t        \t\t\t\">\n\n\t    <\/div>\n\t\t<div class=\"ct-text-editor elementor-clearfix\">\n\t\t\tThe argument in favor of using filler text goes something like this: If you use real content in the design process, anytime you reach a review point you\u2019ll end up reviewing and negotiating the content itself.\t\t\n\t\t<\/div>\n\t<\/div>\n<\/div>\t\t<\/div>\n\t\t\t\t<\/div>\n\t\t            <\/div>\n        <\/div>\n                            <\/div>\n        <\/section>\n        \t\t<div class=\"elementor-element elementor-element-bc1417d elementor-widget elementor-widget-ct_tab_banner\" data-id=\"bc1417d\" data-element_type=\"widget\" data-widget_type=\"ct_tab_banner.default\">\n\t\t\t\t<div class=\"elementor-widget-container\">\n\t\t\t    <div class=\"ct-tabs ct-tab-banner1\">\n        <div class=\"ct-tabs-title\">\n                            <div class=\"ct-tab-title \" data-target=\"#ct_tab_banner-bc1417d0\">\n                    <h4><\/h4>\n                    <p><p>Diagn\u00f3stico de la necesidad de capacitaci\u00f3n<\/p><\/p>\n                    <i class=\"tab-arrow\"><\/i>\n                <\/div>\n                            <div class=\"ct-tab-title \" data-target=\"#ct_tab_banner-bc1417d1\">\n                    <h4><\/h4>\n                    <p><p>Elaboraci\u00f3n de perfil de participante<\/p><\/p>\n                    <i class=\"tab-arrow\"><\/i>\n                <\/div>\n                            <div class=\"ct-tab-title active\" data-target=\"#ct_tab_banner-bc1417d2\">\n                    <h4><\/h4>\n                    <p><p>B\u00fasqueda de docentes ad hoc al perfil<\/p><\/p>\n                    <i class=\"tab-arrow\"><\/i>\n                <\/div>\n                            <div class=\"ct-tab-title \" data-target=\"#ct_tab_banner-bc1417d3\">\n                    <h4><\/h4>\n                    <p><p>Elaboraci\u00f3n y dise\u00f1o de malla curricular en base a los objetivos de la capacitaci\u00f3n.<\/p><\/p>\n                    <i class=\"tab-arrow\"><\/i>\n                <\/div>\n                    <\/div>\n        <div class=\"ct-tabs-content\">\n                            <div id=\"ct_tab_banner-bc1417d0\" class=\"ct-tab-content\" >\n                                            <div class=\"ct-tab-image bg-image\" style=\"background-image: url(https:\/\/demo.casethemes.net\/consultio\/wp-content\/uploads\/2019\/11\/theme-02.jpg);\"><\/div>\n                                    <\/div>\n                            <div id=\"ct_tab_banner-bc1417d1\" class=\"ct-tab-content\" >\n                                            <div class=\"ct-tab-image bg-image\" style=\"background-image: url(https:\/\/demo.casethemes.net\/consultio\/wp-content\/uploads\/2019\/11\/theme-05.jpg);\"><\/div>\n                                    <\/div>\n                            <div id=\"ct_tab_banner-bc1417d2\" class=\"ct-tab-content\" style=\"display: block;\">\n                                            <div class=\"ct-tab-image bg-image\" style=\"background-image: url(https:\/\/demo.casethemes.net\/consultio\/wp-content\/uploads\/2019\/11\/theme-10.jpg);\"><\/div>\n                                    <\/div>\n                            <div id=\"ct_tab_banner-bc1417d3\" class=\"ct-tab-content\" >\n                                            <div class=\"ct-tab-image bg-image\" style=\"background-image: url(https:\/\/testsm.site\/metapraxisprueba\/wp-content\/uploads\/2023\/11\/imagen-forma.png);\"><\/div>\n                                    <\/div>\n                    <\/div>\n    <\/div>\n\t\t<\/div>\n\t\t\t\t<\/div>\n\t\t\t\t<div class=\"elementor-element elementor-element-9bcdefd elementor-widget elementor-widget-spacer\" data-id=\"9bcdefd\" data-element_type=\"widget\" data-widget_type=\"spacer.default\">\n\t\t\t\t<div class=\"elementor-widget-container\">\n\t\t\t\t\t<div class=\"elementor-spacer\">\n\t\t\t<div class=\"elementor-spacer-inner\"><\/div>\n\t\t<\/div>\n\t\t\t\t<\/div>\n\t\t\t\t<\/div>\n\t\t            <\/div>\n        <\/div>\n                            <\/div>\n        <\/section>\n        \t\t\t\t\t<\/div>\n\t\t","protected":false},"excerpt":{"rendered":"<p>Metodolog\u00eda The argument in favor of using filler text goes something like this: If you use real content in the design process, anytime you reach a review point you\u2019ll end up reviewing and negotiating the content itself. Diagn\u00f3stico de la necesidad de capacitaci\u00f3n Elaboraci\u00f3n de perfil de participante B\u00fasqueda de docentes ad hoc al perfil [&hellip;]<\/p>\n","protected":false},"author":2,"featured_media":0,"parent":0,"menu_order":0,"comment_status":"closed","ping_status":"closed","template":"","meta":{"footnotes":""},"class_list":["post-9957","page","type-page","status-publish","hentry"],"_links":{"self":[{"href":"https:\/\/testsm.site\/metapraxisprueba\/wp-json\/wp\/v2\/pages\/9957","targetHints":{"allow":["GET"]}}],"collection":[{"href":"https:\/\/testsm.site\/metapraxisprueba\/wp-json\/wp\/v2\/pages"}],"about":[{"href":"https:\/\/testsm.site\/metapraxisprueba\/wp-json\/wp\/v2\/types\/page"}],"author":[{"embeddable":true,"href":"https:\/\/testsm.site\/metapraxisprueba\/wp-json\/wp\/v2\/users\/2"}],"replies":[{"embeddable":true,"href":"https:\/\/testsm.site\/metapraxisprueba\/wp-json\/wp\/v2\/comments?post=9957"}],"version-history":[{"count":22,"href":"https:\/\/testsm.site\/metapraxisprueba\/wp-json\/wp\/v2\/pages\/9957\/revisions"}],"predecessor-version":[{"id":9980,"href":"https:\/\/testsm.site\/metapraxisprueba\/wp-json\/wp\/v2\/pages\/9957\/revisions\/9980"}],"wp:attachment":[{"href":"https:\/\/testsm.site\/metapraxisprueba\/wp-json\/wp\/v2\/media?parent=9957"}],"curies":[{"name":"wp","href":"https:\/\/api.w.org\/{rel}","templated":true}]}}