{"id":9724,"date":"2023-12-07T17:27:27","date_gmt":"2023-12-07T22:27:27","guid":{"rendered":"https:\/\/testsm.site\/metapraxisprueba\/?page_id=9724"},"modified":"2023-12-07T18:03:34","modified_gmt":"2023-12-07T23:03:34","slug":"marketing-digital-y-social-media","status":"publish","type":"page","link":"https:\/\/testsm.site\/metapraxisprueba\/marketing-digital-y-social-media\/","title":{"rendered":"Marketing Digital Y Social Media"},"content":{"rendered":"\t\t<div data-elementor-type=\"wp-page\" data-elementor-id=\"9724\" class=\"elementor elementor-9724\">\n\t\t\t\t\t\t\t        <section class=\"elementor-section elementor-top-section elementor-element elementor-element-bca8448 elementor-section-stretched elementor-section-boxed elementor-section-height-default elementor-section-height-default ct-header-fixed-none ct-row-max-none\" data-id=\"bca8448\" data-element_type=\"section\" data-settings=\"{&quot;stretch_section&quot;:&quot;section-stretched&quot;}\">\n            \n                        <div class=\"elementor-container elementor-column-gap-extended \">\n                    <div class=\"elementor-column elementor-col-100 elementor-top-column elementor-element elementor-element-8630a61\" data-id=\"8630a61\" data-element_type=\"column\">\n            <div class=\"elementor-widget-wrap elementor-element-populated\">\n                                <section class=\"elementor-section elementor-inner-section elementor-element elementor-element-942af5f elementor-section-boxed elementor-section-height-default elementor-section-height-default ct-header-fixed-none ct-row-max-none\" data-id=\"942af5f\" data-element_type=\"section\">\n            \n                        <div class=\"elementor-container elementor-column-gap-extended \">\n                    <div class=\"elementor-column elementor-col-100 elementor-inner-column elementor-element elementor-element-f269e39\" data-id=\"f269e39\" data-element_type=\"column\">\n            <div class=\"elementor-widget-wrap elementor-element-populated\">\n                        \t\t<div class=\"elementor-element elementor-element-39ccfa7 elementor-widget elementor-widget-ct_text_editor\" data-id=\"39ccfa7\" data-element_type=\"widget\" data-widget_type=\"ct_text_editor.default\">\n\t\t\t\t<div class=\"elementor-widget-container\">\n\t\t\t<div id=\"ct_text_editor-39ccfa7\" class=\"ct-text-editor \" data-wow-delay=\"ms\">\n\t<div class=\"ct-item--inner\">\n\t\t<div class=\"ct-inline-css\"  data-css=\"\n\t        \t\t\t\">\n\n\t    <\/div>\n\t\t<div class=\"ct-text-editor elementor-clearfix\">\n\t\t\t<p class=\"MsoNormal\" style=\"margin-bottom: 0cm;text-align: justify;border: none\"><span style=\"font-family: 'Arial Nova Cond',sans-serif\">Ayudamos a las empresas en la gesti\u00f3n de su presencia en el entorno digital y la optimizaci\u00f3n de las oportunidades que brindan las diversas plataformas. Nuestro equipo de expertos en marketing trabaja en estrecha colaboraci\u00f3n con su empresa para dise\u00f1ar estrategias digitales efectivas que aumenten la visibilidad de su marca, fortalezcan la posici\u00f3n de sus servicios y estimulen el crecimiento de su negocio en el mundo online.<\/span><\/p>\n<p><\/p>\n<p class=\"MsoNormal\" style=\"margin-bottom: 0cm;text-align: justify;border: none\"><span style=\"font-family: 'Arial Nova Cond',sans-serif\">Nuestros servicios en Marketing Digital y Social Media le permiten destacar en el panorama digital, conectar de manera efectiva con su audiencia y forjar relaciones s\u00f3lidas con sus clientes en l\u00ednea. Nos comprometemos a ayudarlo a alcanzar un mayor reconocimiento de su marca, expandir su base de clientes y acompa\u00f1arlo en el camino hacia la obtenci\u00f3n de resultados tangibles y sostenibles.<\/span><\/p>\t\t\n\t\t<\/div>\n\t<\/div>\n<\/div>\t\t<\/div>\n\t\t\t\t<\/div>\n\t\t            <\/div>\n        <\/div>\n                            <\/div>\n        <\/section>\n                    <\/div>\n        <\/div>\n                            <\/div>\n        <\/section>\n                <section class=\"elementor-section elementor-top-section elementor-element elementor-element-de5dcd5 elementor-section-stretched elementor-section-boxed elementor-section-height-default elementor-section-height-default ct-header-fixed-none ct-row-max-none\" data-id=\"de5dcd5\" data-element_type=\"section\" data-settings=\"{&quot;stretch_section&quot;:&quot;section-stretched&quot;,&quot;background_background&quot;:&quot;classic&quot;}\">\n            \n                        <div class=\"elementor-container elementor-column-gap-extended \">\n                    <div class=\"elementor-column elementor-col-50 elementor-top-column elementor-element elementor-element-38d98e3\" data-id=\"38d98e3\" data-element_type=\"column\">\n            <div class=\"elementor-widget-wrap elementor-element-populated\">\n                        \t\t<div class=\"elementor-element elementor-element-f98e404 elementor-widget elementor-widget-spacer\" data-id=\"f98e404\" data-element_type=\"widget\" data-widget_type=\"spacer.default\">\n\t\t\t\t<div class=\"elementor-widget-container\">\n\t\t\t<style>\/*! elementor - v3.17.0 - 08-11-2023 *\/\n.elementor-column .elementor-spacer-inner{height:var(--spacer-size)}.e-con{--container-widget-width:100%}.e-con-inner>.elementor-widget-spacer,.e-con>.elementor-widget-spacer{width:var(--container-widget-width,var(--spacer-size));--align-self:var(--container-widget-align-self,initial);--flex-shrink:0}.e-con-inner>.elementor-widget-spacer>.elementor-widget-container,.e-con>.elementor-widget-spacer>.elementor-widget-container{height:100%;width:100%}.e-con-inner>.elementor-widget-spacer>.elementor-widget-container>.elementor-spacer,.e-con>.elementor-widget-spacer>.elementor-widget-container>.elementor-spacer{height:100%}.e-con-inner>.elementor-widget-spacer>.elementor-widget-container>.elementor-spacer>.elementor-spacer-inner,.e-con>.elementor-widget-spacer>.elementor-widget-container>.elementor-spacer>.elementor-spacer-inner{height:var(--container-widget-height,var(--spacer-size))}.e-con-inner>.elementor-widget-spacer.elementor-widget-empty,.e-con>.elementor-widget-spacer.elementor-widget-empty{position:relative;min-height:22px;min-width:22px}.e-con-inner>.elementor-widget-spacer.elementor-widget-empty .elementor-widget-empty-icon,.e-con>.elementor-widget-spacer.elementor-widget-empty .elementor-widget-empty-icon{position:absolute;top:0;bottom:0;left:0;right:0;margin:auto;padding:0;width:22px;height:22px}<\/style>\t\t<div class=\"elementor-spacer\">\n\t\t\t<div class=\"elementor-spacer-inner\"><\/div>\n\t\t<\/div>\n\t\t\t\t<\/div>\n\t\t\t\t<\/div>\n\t\t\t\t<div class=\"elementor-element elementor-element-fcdca76 elementor-widget elementor-widget-ct_fancy_box\" data-id=\"fcdca76\" data-element_type=\"widget\" data-widget_type=\"ct_fancy_box.default\">\n\t\t\t\t<div class=\"elementor-widget-container\">\n\t\t\t<div class=\"ct-fancy-box ct-fancy-box-layout6 wow fadeInUp style-2\" data-wow-delay=\"ms\">\r\n                <div class=\"item--icon\">\r\n            <img decoding=\"async\" width=\"48\" height=\"43\" src=\"https:\/\/testsm.site\/metapraxisprueba\/wp-content\/uploads\/2020\/02\/about4-icon1.png\" class=\"attachment-full\" alt=\"\" \/>        <\/div>\r\n        <div class=\"item--holder\">\r\n        <h3 class=\"item--title\">\r\n            Gesti\u00f3n de redes sociales \u2013 Social Media        <\/h3>\r\n        <div class=\"item--description\">Creamos y ejecutamos estrategias en redes sociales para construir presencia en l\u00ednea<\/div>\r\n    <\/div>\r\n            <a class=\"item--link\" href=\"https:\/\/testsm.site\/metapraxisprueba\/gestion-de-redes-sociales\/\"><\/a>\r\n    <\/div>\t\t<\/div>\n\t\t\t\t<\/div>\n\t\t\t\t<div class=\"elementor-element elementor-element-1ea411a elementor-widget elementor-widget-spacer\" data-id=\"1ea411a\" data-element_type=\"widget\" data-widget_type=\"spacer.default\">\n\t\t\t\t<div class=\"elementor-widget-container\">\n\t\t\t\t\t<div class=\"elementor-spacer\">\n\t\t\t<div class=\"elementor-spacer-inner\"><\/div>\n\t\t<\/div>\n\t\t\t\t<\/div>\n\t\t\t\t<\/div>\n\t\t\t\t<div class=\"elementor-element elementor-element-ef9633f elementor-widget elementor-widget-spacer\" data-id=\"ef9633f\" data-element_type=\"widget\" data-widget_type=\"spacer.default\">\n\t\t\t\t<div class=\"elementor-widget-container\">\n\t\t\t\t\t<div class=\"elementor-spacer\">\n\t\t\t<div class=\"elementor-spacer-inner\"><\/div>\n\t\t<\/div>\n\t\t\t\t<\/div>\n\t\t\t\t<\/div>\n\t\t\t\t<div class=\"elementor-element elementor-element-c0d9e8a elementor-widget elementor-widget-spacer\" data-id=\"c0d9e8a\" data-element_type=\"widget\" data-widget_type=\"spacer.default\">\n\t\t\t\t<div class=\"elementor-widget-container\">\n\t\t\t\t\t<div class=\"elementor-spacer\">\n\t\t\t<div class=\"elementor-spacer-inner\"><\/div>\n\t\t<\/div>\n\t\t\t\t<\/div>\n\t\t\t\t<\/div>\n\t\t            <\/div>\n        <\/div>\n                <div class=\"elementor-column elementor-col-50 elementor-top-column elementor-element elementor-element-2c21843\" data-id=\"2c21843\" data-element_type=\"column\">\n            <div class=\"elementor-widget-wrap elementor-element-populated\">\n                        \t\t<div class=\"elementor-element elementor-element-239ecf7 elementor-widget elementor-widget-spacer\" data-id=\"239ecf7\" data-element_type=\"widget\" data-widget_type=\"spacer.default\">\n\t\t\t\t<div class=\"elementor-widget-container\">\n\t\t\t\t\t<div class=\"elementor-spacer\">\n\t\t\t<div class=\"elementor-spacer-inner\"><\/div>\n\t\t<\/div>\n\t\t\t\t<\/div>\n\t\t\t\t<\/div>\n\t\t\t\t<div class=\"elementor-element elementor-element-cc207a7 elementor-widget elementor-widget-ct_fancy_box\" data-id=\"cc207a7\" data-element_type=\"widget\" data-widget_type=\"ct_fancy_box.default\">\n\t\t\t\t<div class=\"elementor-widget-container\">\n\t\t\t<div class=\"ct-fancy-box ct-fancy-box-layout6 wow fadeInUp style-2\" data-wow-delay=\"ms\">\r\n                <div class=\"item--icon\">\r\n            <img decoding=\"async\" width=\"44\" height=\"48\" src=\"https:\/\/testsm.site\/metapraxisprueba\/wp-content\/uploads\/2020\/02\/about4-icon2.png\" class=\"attachment-full\" alt=\"\" \/>        <\/div>\r\n        <div class=\"item--holder\">\r\n        <h3 class=\"item--title\">\r\n            Estrategia Digital         <\/h3>\r\n        <div class=\"item--description\">Estrategia de Marketing Digital: Analizamos su situaci\u00f3n actual y sus objetivos para crear una estrategia de marketing digital a medida. <\/div>\r\n    <\/div>\r\n            <a class=\"item--link\" href=\"https:\/\/testsm.site\/metapraxisprueba\/estrategia-digital\/\"><\/a>\r\n    <\/div>\t\t<\/div>\n\t\t\t\t<\/div>\n\t\t\t\t<div class=\"elementor-element elementor-element-91c518d elementor-widget elementor-widget-spacer\" data-id=\"91c518d\" data-element_type=\"widget\" data-widget_type=\"spacer.default\">\n\t\t\t\t<div class=\"elementor-widget-container\">\n\t\t\t\t\t<div class=\"elementor-spacer\">\n\t\t\t<div class=\"elementor-spacer-inner\"><\/div>\n\t\t<\/div>\n\t\t\t\t<\/div>\n\t\t\t\t<\/div>\n\t\t\t\t<div class=\"elementor-element elementor-element-e174ffd elementor-widget elementor-widget-spacer\" data-id=\"e174ffd\" data-element_type=\"widget\" data-widget_type=\"spacer.default\">\n\t\t\t\t<div class=\"elementor-widget-container\">\n\t\t\t\t\t<div class=\"elementor-spacer\">\n\t\t\t<div class=\"elementor-spacer-inner\"><\/div>\n\t\t<\/div>\n\t\t\t\t<\/div>\n\t\t\t\t<\/div>\n\t\t            <\/div>\n        <\/div>\n                            <\/div>\n        <\/section>\n        \t\t\t\t\t<\/div>\n\t\t","protected":false},"excerpt":{"rendered":"<p>Ayudamos a las empresas en la gesti\u00f3n de su presencia en el entorno digital y la optimizaci\u00f3n de las oportunidades que brindan las diversas plataformas. Nuestro equipo de expertos en marketing trabaja en estrecha colaboraci\u00f3n con su empresa para dise\u00f1ar estrategias digitales efectivas que aumenten la visibilidad de su marca, fortalezcan la posici\u00f3n de sus [&hellip;]<\/p>\n","protected":false},"author":2,"featured_media":0,"parent":0,"menu_order":0,"comment_status":"closed","ping_status":"closed","template":"","meta":{"footnotes":""},"class_list":["post-9724","page","type-page","status-publish","hentry"],"_links":{"self":[{"href":"https:\/\/testsm.site\/metapraxisprueba\/wp-json\/wp\/v2\/pages\/9724","targetHints":{"allow":["GET"]}}],"collection":[{"href":"https:\/\/testsm.site\/metapraxisprueba\/wp-json\/wp\/v2\/pages"}],"about":[{"href":"https:\/\/testsm.site\/metapraxisprueba\/wp-json\/wp\/v2\/types\/page"}],"author":[{"embeddable":true,"href":"https:\/\/testsm.site\/metapraxisprueba\/wp-json\/wp\/v2\/users\/2"}],"replies":[{"embeddable":true,"href":"https:\/\/testsm.site\/metapraxisprueba\/wp-json\/wp\/v2\/comments?post=9724"}],"version-history":[{"count":16,"href":"https:\/\/testsm.site\/metapraxisprueba\/wp-json\/wp\/v2\/pages\/9724\/revisions"}],"predecessor-version":[{"id":9789,"href":"https:\/\/testsm.site\/metapraxisprueba\/wp-json\/wp\/v2\/pages\/9724\/revisions\/9789"}],"wp:attachment":[{"href":"https:\/\/testsm.site\/metapraxisprueba\/wp-json\/wp\/v2\/media?parent=9724"}],"curies":[{"name":"wp","href":"https:\/\/api.w.org\/{rel}","templated":true}]}}