{"id":9285,"date":"2023-12-05T10:31:55","date_gmt":"2023-12-05T15:31:55","guid":{"rendered":"https:\/\/testsm.site\/metapraxisprueba\/?page_id=9285"},"modified":"2023-12-05T12:27:55","modified_gmt":"2023-12-05T17:27:55","slug":"gestion-de-procesos","status":"publish","type":"page","link":"https:\/\/testsm.site\/metapraxisprueba\/gestion-de-procesos\/","title":{"rendered":"Gesti\u00f3n De Procesos"},"content":{"rendered":"\t\t<div data-elementor-type=\"wp-page\" data-elementor-id=\"9285\" class=\"elementor elementor-9285\">\n\t\t\t\t\t\t\t        <section class=\"elementor-section elementor-top-section elementor-element elementor-element-bca8448 elementor-section-stretched elementor-section-boxed elementor-section-height-default elementor-section-height-default ct-header-fixed-none ct-row-max-none\" data-id=\"bca8448\" data-element_type=\"section\" data-settings=\"{&quot;stretch_section&quot;:&quot;section-stretched&quot;}\">\n            \n                        <div class=\"elementor-container elementor-column-gap-extended \">\n                    <div class=\"elementor-column elementor-col-100 elementor-top-column elementor-element elementor-element-8630a61\" data-id=\"8630a61\" data-element_type=\"column\">\n            <div class=\"elementor-widget-wrap elementor-element-populated\">\n                                <section class=\"elementor-section elementor-inner-section elementor-element elementor-element-942af5f elementor-section-boxed elementor-section-height-default elementor-section-height-default ct-header-fixed-none ct-row-max-none\" data-id=\"942af5f\" data-element_type=\"section\">\n            \n                        <div class=\"elementor-container elementor-column-gap-extended \">\n                    <div class=\"elementor-column elementor-col-100 elementor-inner-column elementor-element elementor-element-f269e39\" data-id=\"f269e39\" data-element_type=\"column\">\n            <div class=\"elementor-widget-wrap elementor-element-populated\">\n                        \t\t<div class=\"elementor-element elementor-element-39ccfa7 elementor-widget elementor-widget-ct_text_editor\" data-id=\"39ccfa7\" data-element_type=\"widget\" data-widget_type=\"ct_text_editor.default\">\n\t\t\t\t<div class=\"elementor-widget-container\">\n\t\t\t<div id=\"ct_text_editor-39ccfa7\" class=\"ct-text-editor \" data-wow-delay=\"ms\">\n\t<div class=\"ct-item--inner\">\n\t\t<div class=\"ct-inline-css\"  data-css=\"\n\t        \t\t\t\">\n\n\t    <\/div>\n\t\t<div class=\"ct-text-editor elementor-clearfix\">\n\t\t\t<p>Nos comprometemos en ayudar a las organizaciones a optimizar sus operaciones y maximizar la eficiencia. Trabajamos de la mano con nuestros clientes para analizar, dise\u00f1ar y mejorar sus procesos empresariales, con el objetivo de reducir costos, aumentar la calidad, agilizar la entrega de productos y servicios en la b\u00fasqueda de mejorar la satisfacci\u00f3n de sus clientes. Nuestra consultor\u00eda en Gesti\u00f3n de Procesos le permitir\u00e1 optimizar su organizaci\u00f3n, lograr una mayor agilidad y flexibilidad, y estar mejor preparado para enfrentar los desaf\u00edos competitivos del mercado actual.<\/p>\t\t\n\t\t<\/div>\n\t<\/div>\n<\/div>\t\t<\/div>\n\t\t\t\t<\/div>\n\t\t            <\/div>\n        <\/div>\n                            <\/div>\n        <\/section>\n                    <\/div>\n        <\/div>\n                            <\/div>\n        <\/section>\n                <section class=\"elementor-section elementor-top-section elementor-element elementor-element-de5dcd5 elementor-section-stretched elementor-section-boxed elementor-section-height-default elementor-section-height-default ct-header-fixed-none ct-row-max-none\" data-id=\"de5dcd5\" data-element_type=\"section\" data-settings=\"{&quot;stretch_section&quot;:&quot;section-stretched&quot;,&quot;background_background&quot;:&quot;classic&quot;}\">\n            \n                        <div class=\"elementor-container elementor-column-gap-extended \">\n                    <div class=\"elementor-column elementor-col-50 elementor-top-column elementor-element elementor-element-38d98e3\" data-id=\"38d98e3\" data-element_type=\"column\">\n            <div class=\"elementor-widget-wrap elementor-element-populated\">\n                        \t\t<div class=\"elementor-element elementor-element-f98e404 elementor-widget elementor-widget-spacer\" data-id=\"f98e404\" data-element_type=\"widget\" data-widget_type=\"spacer.default\">\n\t\t\t\t<div class=\"elementor-widget-container\">\n\t\t\t<style>\/*! elementor - v3.17.0 - 08-11-2023 *\/\n.elementor-column .elementor-spacer-inner{height:var(--spacer-size)}.e-con{--container-widget-width:100%}.e-con-inner>.elementor-widget-spacer,.e-con>.elementor-widget-spacer{width:var(--container-widget-width,var(--spacer-size));--align-self:var(--container-widget-align-self,initial);--flex-shrink:0}.e-con-inner>.elementor-widget-spacer>.elementor-widget-container,.e-con>.elementor-widget-spacer>.elementor-widget-container{height:100%;width:100%}.e-con-inner>.elementor-widget-spacer>.elementor-widget-container>.elementor-spacer,.e-con>.elementor-widget-spacer>.elementor-widget-container>.elementor-spacer{height:100%}.e-con-inner>.elementor-widget-spacer>.elementor-widget-container>.elementor-spacer>.elementor-spacer-inner,.e-con>.elementor-widget-spacer>.elementor-widget-container>.elementor-spacer>.elementor-spacer-inner{height:var(--container-widget-height,var(--spacer-size))}.e-con-inner>.elementor-widget-spacer.elementor-widget-empty,.e-con>.elementor-widget-spacer.elementor-widget-empty{position:relative;min-height:22px;min-width:22px}.e-con-inner>.elementor-widget-spacer.elementor-widget-empty .elementor-widget-empty-icon,.e-con>.elementor-widget-spacer.elementor-widget-empty .elementor-widget-empty-icon{position:absolute;top:0;bottom:0;left:0;right:0;margin:auto;padding:0;width:22px;height:22px}<\/style>\t\t<div class=\"elementor-spacer\">\n\t\t\t<div class=\"elementor-spacer-inner\"><\/div>\n\t\t<\/div>\n\t\t\t\t<\/div>\n\t\t\t\t<\/div>\n\t\t\t\t<div class=\"elementor-element elementor-element-fcdca76 elementor-widget elementor-widget-ct_fancy_box\" data-id=\"fcdca76\" data-element_type=\"widget\" data-widget_type=\"ct_fancy_box.default\">\n\t\t\t\t<div class=\"elementor-widget-container\">\n\t\t\t<div class=\"ct-fancy-box ct-fancy-box-layout6 wow fadeInUp style-2\" data-wow-delay=\"ms\">\r\n                <div class=\"item--icon\">\r\n            <img decoding=\"async\" width=\"48\" height=\"43\" src=\"https:\/\/testsm.site\/metapraxisprueba\/wp-content\/uploads\/2020\/02\/about4-icon1.png\" class=\"attachment-full\" alt=\"\" \/>        <\/div>\r\n        <div class=\"item--holder\">\r\n        <h3 class=\"item--title\">\r\n            Estudio de tiempos        <\/h3>\r\n        <div class=\"item--description\">Optimizar la eficiencia operativa de las empresas a trav\u00e9s de un an\u00e1lisis exhaustivo de sus procesos, permitiendo una reducci\u00f3n de costos y una mejora significativa en la productividad.<\/div>\r\n    <\/div>\r\n            <a class=\"item--link\" href=\"https:\/\/testsm.site\/metapraxisprueba\/estudio-de-tiempos\/\"><\/a>\r\n    <\/div>\t\t<\/div>\n\t\t\t\t<\/div>\n\t\t\t\t<div class=\"elementor-element elementor-element-1ea411a elementor-widget elementor-widget-spacer\" data-id=\"1ea411a\" data-element_type=\"widget\" data-widget_type=\"spacer.default\">\n\t\t\t\t<div class=\"elementor-widget-container\">\n\t\t\t\t\t<div class=\"elementor-spacer\">\n\t\t\t<div class=\"elementor-spacer-inner\"><\/div>\n\t\t<\/div>\n\t\t\t\t<\/div>\n\t\t\t\t<\/div>\n\t\t\t\t<div class=\"elementor-element elementor-element-a9d6069 elementor-widget__width-initial elementor-widget elementor-widget-ct_fancy_box\" data-id=\"a9d6069\" data-element_type=\"widget\" data-widget_type=\"ct_fancy_box.default\">\n\t\t\t\t<div class=\"elementor-widget-container\">\n\t\t\t<div class=\"ct-fancy-box ct-fancy-box-layout6 wow fadeInUp style-2\" data-wow-delay=\"ms\">\r\n                <div class=\"item--icon\">\r\n            <img decoding=\"async\" width=\"50\" height=\"46\" src=\"https:\/\/testsm.site\/metapraxisprueba\/wp-content\/uploads\/2020\/02\/about4-icon3.png\" class=\"attachment-full\" alt=\"\" \/>        <\/div>\r\n        <div class=\"item--holder\">\r\n        <h3 class=\"item--title\">\r\n            Redise\u00f1o de distribuci\u00f3n de planta        <\/h3>\r\n        <div class=\"item--description\">Optimizar la distribuci\u00f3n de planta de las instalaciones de nuestros clientes para mejorar la eficiencia operativa, reducir costos y aumentar la productividad.<\/div>\r\n    <\/div>\r\n            <a class=\"item--link\" href=\"#\"><\/a>\r\n    <\/div>\t\t<\/div>\n\t\t\t\t<\/div>\n\t\t\t\t<div class=\"elementor-element elementor-element-ef9633f elementor-widget elementor-widget-spacer\" data-id=\"ef9633f\" data-element_type=\"widget\" data-widget_type=\"spacer.default\">\n\t\t\t\t<div class=\"elementor-widget-container\">\n\t\t\t\t\t<div class=\"elementor-spacer\">\n\t\t\t<div class=\"elementor-spacer-inner\"><\/div>\n\t\t<\/div>\n\t\t\t\t<\/div>\n\t\t\t\t<\/div>\n\t\t\t\t<div class=\"elementor-element elementor-element-6b10d95 elementor-widget__width-initial elementor-widget elementor-widget-ct_fancy_box\" data-id=\"6b10d95\" data-element_type=\"widget\" data-widget_type=\"ct_fancy_box.default\">\n\t\t\t\t<div class=\"elementor-widget-container\">\n\t\t\t<div class=\"ct-fancy-box ct-fancy-box-layout6 wow fadeInUp style-2\" data-wow-delay=\"ms\">\r\n                <div class=\"item--icon\">\r\n            <img decoding=\"async\" width=\"50\" height=\"46\" src=\"https:\/\/testsm.site\/metapraxisprueba\/wp-content\/uploads\/2020\/02\/about4-icon3.png\" class=\"attachment-full\" alt=\"\" \/>        <\/div>\r\n        <div class=\"item--holder\">\r\n        <h3 class=\"item--title\">\r\n            Mapeo y an\u00e1lisis de procesos        <\/h3>\r\n        <div class=\"item--description\">Evaluamos detalladamente los procesos existentes en su organizaci\u00f3n, identificando oportunidades de mejora, eliminando redundancias y resaltando \u00e1reas cr\u00edticas para optimizaci\u00f3n. Este an\u00e1lisis minucioso sirve como base para futuras mejoras.<\/div>\r\n    <\/div>\r\n            <a class=\"item--link\" href=\"#\"><\/a>\r\n    <\/div>\t\t<\/div>\n\t\t\t\t<\/div>\n\t\t\t\t<div class=\"elementor-element elementor-element-c0d9e8a elementor-widget elementor-widget-spacer\" data-id=\"c0d9e8a\" data-element_type=\"widget\" data-widget_type=\"spacer.default\">\n\t\t\t\t<div class=\"elementor-widget-container\">\n\t\t\t\t\t<div class=\"elementor-spacer\">\n\t\t\t<div class=\"elementor-spacer-inner\"><\/div>\n\t\t<\/div>\n\t\t\t\t<\/div>\n\t\t\t\t<\/div>\n\t\t            <\/div>\n        <\/div>\n                <div class=\"elementor-column elementor-col-50 elementor-top-column elementor-element elementor-element-2c21843\" data-id=\"2c21843\" data-element_type=\"column\">\n            <div class=\"elementor-widget-wrap elementor-element-populated\">\n                        \t\t<div class=\"elementor-element elementor-element-239ecf7 elementor-widget elementor-widget-spacer\" data-id=\"239ecf7\" data-element_type=\"widget\" data-widget_type=\"spacer.default\">\n\t\t\t\t<div class=\"elementor-widget-container\">\n\t\t\t\t\t<div class=\"elementor-spacer\">\n\t\t\t<div class=\"elementor-spacer-inner\"><\/div>\n\t\t<\/div>\n\t\t\t\t<\/div>\n\t\t\t\t<\/div>\n\t\t\t\t<div class=\"elementor-element elementor-element-cc207a7 elementor-widget elementor-widget-ct_fancy_box\" data-id=\"cc207a7\" data-element_type=\"widget\" data-widget_type=\"ct_fancy_box.default\">\n\t\t\t\t<div class=\"elementor-widget-container\">\n\t\t\t<div class=\"ct-fancy-box ct-fancy-box-layout6 wow fadeInUp style-2\" data-wow-delay=\"ms\">\r\n                <div class=\"item--icon\">\r\n            <img decoding=\"async\" width=\"44\" height=\"48\" src=\"https:\/\/testsm.site\/metapraxisprueba\/wp-content\/uploads\/2020\/02\/about4-icon2.png\" class=\"attachment-full\" alt=\"\" \/>        <\/div>\r\n        <div class=\"item--holder\">\r\n        <h3 class=\"item--title\">\r\n            Estudios para control y reducci\u00f3n de mermas        <\/h3>\r\n        <div class=\"item--description\">Ayudar a nuestros clientes a controlar y reducir las mermas en sus operaciones, optimizando as\u00ed la utilizaci\u00f3n de recursos y minimizando p\u00e9rdidas econ\u00f3micas.<\/div>\r\n    <\/div>\r\n            <a class=\"item--link\" href=\"#\"><\/a>\r\n    <\/div>\t\t<\/div>\n\t\t\t\t<\/div>\n\t\t\t\t<div class=\"elementor-element elementor-element-91c518d elementor-widget elementor-widget-spacer\" data-id=\"91c518d\" data-element_type=\"widget\" data-widget_type=\"spacer.default\">\n\t\t\t\t<div class=\"elementor-widget-container\">\n\t\t\t\t\t<div class=\"elementor-spacer\">\n\t\t\t<div class=\"elementor-spacer-inner\"><\/div>\n\t\t<\/div>\n\t\t\t\t<\/div>\n\t\t\t\t<\/div>\n\t\t\t\t<div class=\"elementor-element elementor-element-96b3241 elementor-widget elementor-widget-ct_fancy_box\" data-id=\"96b3241\" data-element_type=\"widget\" data-widget_type=\"ct_fancy_box.default\">\n\t\t\t\t<div class=\"elementor-widget-container\">\n\t\t\t<div class=\"ct-fancy-box ct-fancy-box-layout6 wow fadeInUp style-2\" data-wow-delay=\"ms\">\r\n                <div class=\"item--icon\">\r\n            <img decoding=\"async\" width=\"48\" height=\"43\" src=\"https:\/\/testsm.site\/metapraxisprueba\/wp-content\/uploads\/2020\/02\/about4-icon1.png\" class=\"attachment-full\" alt=\"\" \/>        <\/div>\r\n        <div class=\"item--holder\">\r\n        <h3 class=\"item--title\">\r\n            Optimizaci\u00f3n de sistema de colas y operaciones        <\/h3>\r\n        <div class=\"item--description\">Mejorar la eficiencia y la experiencia del cliente a trav\u00e9s de la optimizaci\u00f3n de sistemas de colas y operaciones.<\/div>\r\n    <\/div>\r\n            <a class=\"item--link\" href=\"#\"><\/a>\r\n    <\/div>\t\t<\/div>\n\t\t\t\t<\/div>\n\t\t\t\t<div class=\"elementor-element elementor-element-e174ffd elementor-widget elementor-widget-spacer\" data-id=\"e174ffd\" data-element_type=\"widget\" data-widget_type=\"spacer.default\">\n\t\t\t\t<div class=\"elementor-widget-container\">\n\t\t\t\t\t<div class=\"elementor-spacer\">\n\t\t\t<div class=\"elementor-spacer-inner\"><\/div>\n\t\t<\/div>\n\t\t\t\t<\/div>\n\t\t\t\t<\/div>\n\t\t            <\/div>\n        <\/div>\n                            <\/div>\n        <\/section>\n        \t\t\t\t\t<\/div>\n\t\t","protected":false},"excerpt":{"rendered":"<p>Nos comprometemos en ayudar a las organizaciones a optimizar sus operaciones y maximizar la eficiencia. Trabajamos de la mano con nuestros clientes para analizar, dise\u00f1ar y mejorar sus procesos empresariales, con el objetivo de reducir costos, aumentar la calidad, agilizar la entrega de productos y servicios en la b\u00fasqueda de mejorar la satisfacci\u00f3n de sus [&hellip;]<\/p>\n","protected":false},"author":2,"featured_media":0,"parent":0,"menu_order":0,"comment_status":"closed","ping_status":"closed","template":"","meta":{"footnotes":""},"class_list":["post-9285","page","type-page","status-publish","hentry"],"_links":{"self":[{"href":"https:\/\/testsm.site\/metapraxisprueba\/wp-json\/wp\/v2\/pages\/9285","targetHints":{"allow":["GET"]}}],"collection":[{"href":"https:\/\/testsm.site\/metapraxisprueba\/wp-json\/wp\/v2\/pages"}],"about":[{"href":"https:\/\/testsm.site\/metapraxisprueba\/wp-json\/wp\/v2\/types\/page"}],"author":[{"embeddable":true,"href":"https:\/\/testsm.site\/metapraxisprueba\/wp-json\/wp\/v2\/users\/2"}],"replies":[{"embeddable":true,"href":"https:\/\/testsm.site\/metapraxisprueba\/wp-json\/wp\/v2\/comments?post=9285"}],"version-history":[{"count":19,"href":"https:\/\/testsm.site\/metapraxisprueba\/wp-json\/wp\/v2\/pages\/9285\/revisions"}],"predecessor-version":[{"id":9337,"href":"https:\/\/testsm.site\/metapraxisprueba\/wp-json\/wp\/v2\/pages\/9285\/revisions\/9337"}],"wp:attachment":[{"href":"https:\/\/testsm.site\/metapraxisprueba\/wp-json\/wp\/v2\/media?parent=9285"}],"curies":[{"name":"wp","href":"https:\/\/api.w.org\/{rel}","templated":true}]}}