{"id":8418,"date":"2023-11-22T12:48:25","date_gmt":"2023-11-22T17:48:25","guid":{"rendered":"https:\/\/testsm.site\/metapraxisprueba\/?page_id=8418"},"modified":"2023-12-07T17:07:23","modified_gmt":"2023-12-07T22:07:23","slug":"solicita-tu-capacitacion","status":"publish","type":"page","link":"https:\/\/testsm.site\/metapraxisprueba\/solicita-tu-capacitacion\/","title":{"rendered":"Solicita Tu Capacitaci\u00f3n"},"content":{"rendered":"\t\t<div data-elementor-type=\"wp-page\" data-elementor-id=\"8418\" class=\"elementor elementor-8418\">\n\t\t\t\t\t\t\t        <section class=\"elementor-section elementor-top-section elementor-element elementor-element-40fd8216 elementor-section-boxed elementor-section-height-default elementor-section-height-default ct-header-fixed-none ct-row-max-none\" data-id=\"40fd8216\" data-element_type=\"section\">\n            \n                        <div class=\"elementor-container elementor-column-gap-extended \">\n                    <div class=\"elementor-column elementor-col-50 elementor-top-column elementor-element elementor-element-2a114ffb\" data-id=\"2a114ffb\" data-element_type=\"column\">\n            <div class=\"elementor-widget-wrap elementor-element-populated\">\n                        \t\t<div class=\"elementor-element elementor-element-e7c34af elementor-widget elementor-widget-ct_heading\" data-id=\"e7c34af\" data-element_type=\"widget\" data-widget_type=\"ct_heading.default\">\n\t\t\t\t<div class=\"elementor-widget-container\">\n\t\t\t<div id=\"ct_heading-e7c34af\" class=\"ct-heading h-align- sub-style1 ct-heading-left item-st-default\">\r\n\t<div class=\"ct-item--inner\">\r\n        <div class=\"ct-inline-css\"  data-css=\"\r\n            \">\r\n        <\/div>\r\n            \t\t<div class=\"item--sub-title style1 show-line\">\r\n                                                Apoyo                                                            <\/div>\r\n    \t        <h3 class=\"item--title st-default wow wow fadeInUp\" data-wow-delay=\"ms\">\r\n                        <span class=\"sp-main\">\r\n                \r\n                Consultor\u00eda y Desarrollo\r\n                \r\n                            <\/span>\r\n                    <\/h3>\r\n    <\/div>\r\n<\/div>\t\t<\/div>\n\t\t\t\t<\/div>\n\t\t\t\t<div class=\"elementor-element elementor-element-10df5e6a wow fadeInUp elementor-widget elementor-widget-text-editor\" data-id=\"10df5e6a\" data-element_type=\"widget\" data-widget_type=\"text-editor.default\">\n\t\t\t\t<div class=\"elementor-widget-container\">\n\t\t\t<style>\/*! elementor - v3.17.0 - 08-11-2023 *\/\n.elementor-widget-text-editor.elementor-drop-cap-view-stacked .elementor-drop-cap{background-color:#69727d;color:#fff}.elementor-widget-text-editor.elementor-drop-cap-view-framed .elementor-drop-cap{color:#69727d;border:3px solid;background-color:transparent}.elementor-widget-text-editor:not(.elementor-drop-cap-view-default) .elementor-drop-cap{margin-top:8px}.elementor-widget-text-editor:not(.elementor-drop-cap-view-default) .elementor-drop-cap-letter{width:1em;height:1em}.elementor-widget-text-editor .elementor-drop-cap{float:left;text-align:center;line-height:1;font-size:50px}.elementor-widget-text-editor .elementor-drop-cap-letter{display:inline-block}<\/style>\t\t\t\t<p>\u00a0<\/p><p>Nuestros servicios de Consultor\u00eda y desarrollo buscan apoyar a nuestros clientes en el proceso de cambio estrat\u00e9gico que contribuyan a la creaci\u00f3n de valor de la organizaci\u00f3n, para ello realizamos un an\u00e1lisis exhaustivo de sus necesidades actuales y futuras, y dise\u00f1amos y ejecutamos aquellas acciones necesarias para obtener y alcanzar los resultados y objetivos previstos.\u00a0<\/p>\t\t\t\t\t\t<\/div>\n\t\t\t\t<\/div>\n\t\t        <section class=\"elementor-section elementor-inner-section elementor-element elementor-element-6638bf3 elementor-section-boxed elementor-section-height-default elementor-section-height-default ct-header-fixed-none ct-row-max-none\" data-id=\"6638bf3\" data-element_type=\"section\">\n            \n                        <div class=\"elementor-container elementor-column-gap-extended \">\n                    <div class=\"elementor-column elementor-col-50 elementor-inner-column elementor-element elementor-element-36029746\" data-id=\"36029746\" data-element_type=\"column\">\n            <div class=\"elementor-widget-wrap elementor-element-populated\">\n                        \t\t<div class=\"elementor-element elementor-element-721a687f elementor-widget elementor-widget-ct_piecharts\" data-id=\"721a687f\" data-element_type=\"widget\" data-widget_type=\"ct_piecharts.default\">\n\t\t\t\t<div class=\"elementor-widget-container\">\n\t\t\t<div class=\"ct-piechart ct-piechart-layout1 style2 wow fadeInUp\">\n    <div class=\"item--value percentage\" style=\"min-height: 132px;\" data-size=\"132\" data-bar-color=\"#007881\" data-track-color=\"#E4EAEE\" data-line-width=\"10\" data-percent=\"-80\">\n        <span>80%<\/span>\n    <\/div>\n    <h3 class=\"item--title\">Trabajo<br\/> Desarrollado<\/h3>\n    <div class=\"item--desc\"><\/div>\n<\/div>\t\t<\/div>\n\t\t\t\t<\/div>\n\t\t            <\/div>\n        <\/div>\n                <div class=\"elementor-column elementor-col-50 elementor-inner-column elementor-element elementor-element-2500a52d\" data-id=\"2500a52d\" data-element_type=\"column\">\n            <div class=\"elementor-widget-wrap elementor-element-populated\">\n                        \t\t<div class=\"elementor-element elementor-element-407fce4e elementor-widget elementor-widget-ct_piecharts\" data-id=\"407fce4e\" data-element_type=\"widget\" data-widget_type=\"ct_piecharts.default\">\n\t\t\t\t<div class=\"elementor-widget-container\">\n\t\t\t<div class=\"ct-piechart ct-piechart-layout1 style2 wow fadeInUp\">\n    <div class=\"item--value percentage\" style=\"min-height: 132px;\" data-size=\"132\" data-bar-color=\"#007881\" data-track-color=\"#E4EAEE\" data-line-width=\"10\" data-percent=\"-90\">\n        <span>90%<\/span>\n    <\/div>\n    <h3 class=\"item--title\">Plan<br\/> Cumplido<\/h3>\n    <div class=\"item--desc\"><\/div>\n<\/div>\t\t<\/div>\n\t\t\t\t<\/div>\n\t\t            <\/div>\n        <\/div>\n                            <\/div>\n        <\/section>\n                    <\/div>\n        <\/div>\n                <div class=\"elementor-column elementor-col-50 elementor-top-column elementor-element elementor-element-431858c4\" data-id=\"431858c4\" data-element_type=\"column\">\n            <div class=\"elementor-widget-wrap elementor-element-populated\">\n                        \t\t<div class=\"elementor-element elementor-element-160cdc54 wow fadeInRight elementor-widget elementor-widget-image\" data-id=\"160cdc54\" data-element_type=\"widget\" data-widget_type=\"image.default\">\n\t\t\t\t<div class=\"elementor-widget-container\">\n\t\t\t<style>\/*! elementor - v3.17.0 - 08-11-2023 *\/\n.elementor-widget-image{text-align:center}.elementor-widget-image a{display:inline-block}.elementor-widget-image a img[src$=\".svg\"]{width:48px}.elementor-widget-image img{vertical-align:middle;display:inline-block}<\/style>\t\t\t\t\t\t\t\t\t\t\t\t<img fetchpriority=\"high\" decoding=\"async\" width=\"600\" height=\"697\" src=\"https:\/\/testsm.site\/metapraxisprueba\/wp-content\/uploads\/2021\/10\/h5-service3.jpg\" class=\"attachment-full size-full wp-image-6272\" alt=\"\" srcset=\"https:\/\/testsm.site\/metapraxisprueba\/wp-content\/uploads\/2021\/10\/h5-service3.jpg 600w, https:\/\/testsm.site\/metapraxisprueba\/wp-content\/uploads\/2021\/10\/h5-service3-258x300.jpg 258w\" sizes=\"(max-width: 600px) 100vw, 600px\" \/>\t\t\t\t\t\t\t\t\t\t\t\t\t\t\t<\/div>\n\t\t\t\t<\/div>\n\t\t            <\/div>\n        <\/div>\n                            <\/div>\n        <\/section>\n        <div class=\"elementor-element elementor-element-5c86fc7 e-con-full e-flex e-con e-parent\" data-id=\"5c86fc7\" data-element_type=\"container\" data-settings=\"{&quot;content_width&quot;:&quot;full&quot;}\" data-core-v316-plus=\"true\">\n\t\t\t\t<div class=\"elementor-element elementor-element-2e718b0 elementor-widget elementor-widget-image\" data-id=\"2e718b0\" data-element_type=\"widget\" data-widget_type=\"image.default\">\n\t\t\t\t<div class=\"elementor-widget-container\">\n\t\t\t\t\t\t\t\t\t\t\t\t\t\t\t<img decoding=\"async\" width=\"1920\" height=\"253\" src=\"https:\/\/testsm.site\/metapraxisprueba\/wp-content\/uploads\/2023\/12\/fondo-blanco-1.png\" class=\"attachment-full size-full wp-image-8952\" alt=\"\" srcset=\"https:\/\/testsm.site\/metapraxisprueba\/wp-content\/uploads\/2023\/12\/fondo-blanco-1.png 1920w, https:\/\/testsm.site\/metapraxisprueba\/wp-content\/uploads\/2023\/12\/fondo-blanco-1-300x40.png 300w, https:\/\/testsm.site\/metapraxisprueba\/wp-content\/uploads\/2023\/12\/fondo-blanco-1-1024x135.png 1024w, https:\/\/testsm.site\/metapraxisprueba\/wp-content\/uploads\/2023\/12\/fondo-blanco-1-768x101.png 768w, https:\/\/testsm.site\/metapraxisprueba\/wp-content\/uploads\/2023\/12\/fondo-blanco-1-1536x202.png 1536w, https:\/\/testsm.site\/metapraxisprueba\/wp-content\/uploads\/2023\/12\/fondo-blanco-1-600x79.png 600w\" sizes=\"(max-width: 1920px) 100vw, 1920px\" \/>\t\t\t\t\t\t\t\t\t\t\t\t\t\t\t<\/div>\n\t\t\t\t<\/div>\n\t\t\t\t<\/div>\n\t\t\t\t\t\t\t<\/div>\n\t\t","protected":false},"excerpt":{"rendered":"<p>Apoyo Consultor\u00eda y Desarrollo \u00a0 Nuestros servicios de Consultor\u00eda y desarrollo buscan apoyar a nuestros clientes en el proceso de cambio estrat\u00e9gico que contribuyan a la creaci\u00f3n de valor de la organizaci\u00f3n, para ello realizamos un an\u00e1lisis exhaustivo de sus necesidades actuales y futuras, y dise\u00f1amos y ejecutamos aquellas acciones necesarias para obtener y alcanzar [&hellip;]<\/p>\n","protected":false},"author":2,"featured_media":0,"parent":0,"menu_order":0,"comment_status":"closed","ping_status":"closed","template":"","meta":{"footnotes":""},"class_list":["post-8418","page","type-page","status-publish","hentry"],"_links":{"self":[{"href":"https:\/\/testsm.site\/metapraxisprueba\/wp-json\/wp\/v2\/pages\/8418","targetHints":{"allow":["GET"]}}],"collection":[{"href":"https:\/\/testsm.site\/metapraxisprueba\/wp-json\/wp\/v2\/pages"}],"about":[{"href":"https:\/\/testsm.site\/metapraxisprueba\/wp-json\/wp\/v2\/types\/page"}],"author":[{"embeddable":true,"href":"https:\/\/testsm.site\/metapraxisprueba\/wp-json\/wp\/v2\/users\/2"}],"replies":[{"embeddable":true,"href":"https:\/\/testsm.site\/metapraxisprueba\/wp-json\/wp\/v2\/comments?post=8418"}],"version-history":[{"count":32,"href":"https:\/\/testsm.site\/metapraxisprueba\/wp-json\/wp\/v2\/pages\/8418\/revisions"}],"predecessor-version":[{"id":9715,"href":"https:\/\/testsm.site\/metapraxisprueba\/wp-json\/wp\/v2\/pages\/8418\/revisions\/9715"}],"wp:attachment":[{"href":"https:\/\/testsm.site\/metapraxisprueba\/wp-json\/wp\/v2\/media?parent=8418"}],"curies":[{"name":"wp","href":"https:\/\/api.w.org\/{rel}","templated":true}]}}