{"id":8001,"date":"2023-11-17T17:07:52","date_gmt":"2023-11-17T22:07:52","guid":{"rendered":"https:\/\/testsm.site\/metapraxisprueba\/?page_id=8001"},"modified":"2024-01-15T11:03:05","modified_gmt":"2024-01-15T16:03:05","slug":"presentacion","status":"publish","type":"page","link":"https:\/\/testsm.site\/metapraxisprueba\/presentacion\/","title":{"rendered":"Presentaci\u00f3n"},"content":{"rendered":"\t\t<div data-elementor-type=\"wp-page\" data-elementor-id=\"8001\" class=\"elementor elementor-8001\">\n\t\t\t\t\t\t\t        <section class=\"elementor-section elementor-top-section elementor-element elementor-element-64fd72b8 elementor-section-boxed elementor-section-height-default elementor-section-height-default ct-header-fixed-none ct-row-max-none\" data-id=\"64fd72b8\" data-element_type=\"section\">\n            \n                        <div class=\"elementor-container elementor-column-gap-default \">\n                    <div class=\"elementor-column elementor-col-50 elementor-top-column elementor-element elementor-element-305603d7\" data-id=\"305603d7\" data-element_type=\"column\">\n            <div class=\"elementor-widget-wrap elementor-element-populated\">\n                        \t\t<div class=\"elementor-element elementor-element-9da93fe line-sub-preset2 elementor-widget elementor-widget-ct_heading\" data-id=\"9da93fe\" data-element_type=\"widget\" data-widget_type=\"ct_heading.default\">\n\t\t\t\t<div class=\"elementor-widget-container\">\n\t\t\t<div id=\"ct_heading-9da93fe\" class=\"ct-heading h-align- sub-style1 ct-heading-left item-st-default\">\r\n\t<div class=\"ct-item--inner\">\r\n        <div class=\"ct-inline-css\"  data-css=\"\r\n            \">\r\n        <\/div>\r\n            \t\t<div class=\"item--sub-title style1 show-line\">\r\n                                                Profesionales                                                            <\/div>\r\n    \t        <h3 class=\"item--title st-default wow wow bounce\" data-wow-delay=\"ms\">\r\n                        <span class=\"sp-main\">\r\n                \r\n                Equipo de profesionales especializados y comprometidos\r\n                \r\n                            <\/span>\r\n                    <\/h3>\r\n    <\/div>\r\n<\/div>\t\t<\/div>\n\t\t\t\t<\/div>\n\t\t\t\t<div class=\"elementor-element elementor-element-398fa9be wow fadeInUp elementor-widget elementor-widget-text-editor\" data-id=\"398fa9be\" data-element_type=\"widget\" data-widget_type=\"text-editor.default\">\n\t\t\t\t<div class=\"elementor-widget-container\">\n\t\t\t<style>\/*! elementor - v3.17.0 - 08-11-2023 *\/\n.elementor-widget-text-editor.elementor-drop-cap-view-stacked .elementor-drop-cap{background-color:#69727d;color:#fff}.elementor-widget-text-editor.elementor-drop-cap-view-framed .elementor-drop-cap{color:#69727d;border:3px solid;background-color:transparent}.elementor-widget-text-editor:not(.elementor-drop-cap-view-default) .elementor-drop-cap{margin-top:8px}.elementor-widget-text-editor:not(.elementor-drop-cap-view-default) .elementor-drop-cap-letter{width:1em;height:1em}.elementor-widget-text-editor .elementor-drop-cap{float:left;text-align:center;line-height:1;font-size:50px}.elementor-widget-text-editor .elementor-drop-cap-letter{display:inline-block}<\/style>\t\t\t\t<p>Somos un equipo de profesionales especializados y comprometidos en brindar capacitaciones, consultor\u00eda para optimizar la eficiencia operativa y la competitividad de la empresa a trav\u00e9s de la mejora de procesos, an\u00e1lisis de informaci\u00f3n abarcando las necesidades espec\u00edficas y entregando soluciones a medida.<\/p>\t\t\t\t\t\t<\/div>\n\t\t\t\t<\/div>\n\t\t\t\t<div class=\"elementor-element elementor-element-311bc37 wow fadeInUp elementor-widget elementor-widget-text-editor\" data-id=\"311bc37\" data-element_type=\"widget\" data-widget_type=\"text-editor.default\">\n\t\t\t\t<div class=\"elementor-widget-container\">\n\t\t\t\t\t\t\t\t\t\t\t\t\t<\/div>\n\t\t\t\t<\/div>\n\t\t\t\t<div class=\"elementor-element elementor-element-6ef13cfd elementor-widget elementor-widget-ct_list\" data-id=\"6ef13cfd\" data-element_type=\"widget\" data-widget_type=\"ct_list.default\">\n\t\t\t\t<div class=\"elementor-widget-container\">\n\t\t\t    <div class=\"ct-list style1 \">\r\n                    <div class=\"ct-list-item wow fadeInUp\" data-wow-delay=\"ms\">\r\n            \t<div class=\"ct-list-icon\"><i class=\"fac fac-check-circle\"><\/i><\/div>\r\n            \t<div class=\"ct-list-meta\">\r\n\t            \t<div class=\"ct-list-desc\">\r\n\t            \t\tProfesionales especializados\t            \t<\/div>\r\n                    \t            <\/div>\r\n           <\/div>\r\n                    <div class=\"ct-list-item wow fadeInUp\" data-wow-delay=\"ms\">\r\n            \t<div class=\"ct-list-icon\"><i class=\"fac fac-check-circle\"><\/i><\/div>\r\n            \t<div class=\"ct-list-meta\">\r\n\t            \t<div class=\"ct-list-desc\">\r\n\t            \t\tComprometidos\t            \t<\/div>\r\n                    \t            <\/div>\r\n           <\/div>\r\n                    <div class=\"ct-list-item wow fadeInUp\" data-wow-delay=\"ms\">\r\n            \t<div class=\"ct-list-icon\"><i class=\"fac fac-check-circle\"><\/i><\/div>\r\n            \t<div class=\"ct-list-meta\">\r\n\t            \t<div class=\"ct-list-desc\">\r\n\t            \t\tCapacitaciones\t            \t<\/div>\r\n                    \t            <\/div>\r\n           <\/div>\r\n                    <div class=\"ct-list-item wow fadeInUp\" data-wow-delay=\"ms\">\r\n            \t<div class=\"ct-list-icon\"><i class=\"fac fac-check-circle\"><\/i><\/div>\r\n            \t<div class=\"ct-list-meta\">\r\n\t            \t<div class=\"ct-list-desc\">\r\n\t            \t\tCompetitividad\t            \t<\/div>\r\n                    \t            <\/div>\r\n           <\/div>\r\n            <\/div>\r\n\t\t<\/div>\n\t\t\t\t<\/div>\n\t\t\t\t<div class=\"elementor-element elementor-element-1fb7224d wow fadeInUp elementor-widget elementor-widget-text-editor\" data-id=\"1fb7224d\" data-element_type=\"widget\" data-widget_type=\"text-editor.default\">\n\t\t\t\t<div class=\"elementor-widget-container\">\n\t\t\t\t\t\t\t\t\t\t\t\t\t<\/div>\n\t\t\t\t<\/div>\n\t\t\t\t<div class=\"elementor-element elementor-element-78f3a28d elementor-widget elementor-widget-image\" data-id=\"78f3a28d\" data-element_type=\"widget\" data-widget_type=\"image.default\">\n\t\t\t\t<div class=\"elementor-widget-container\">\n\t\t\t<style>\/*! elementor - v3.17.0 - 08-11-2023 *\/\n.elementor-widget-image{text-align:center}.elementor-widget-image a{display:inline-block}.elementor-widget-image a img[src$=\".svg\"]{width:48px}.elementor-widget-image img{vertical-align:middle;display:inline-block}<\/style>\t\t\t\t\t\t\t\t\t\t\t\t<img decoding=\"async\" width=\"350\" height=\"1\" src=\"https:\/\/testsm.site\/metapraxisprueba\/wp-content\/uploads\/2019\/12\/about-gap.png\" class=\"attachment-full size-full wp-image-1896\" alt=\"\" srcset=\"https:\/\/testsm.site\/metapraxisprueba\/wp-content\/uploads\/2019\/12\/about-gap.png 350w, https:\/\/testsm.site\/metapraxisprueba\/wp-content\/uploads\/2019\/12\/about-gap-300x1.png 300w, https:\/\/testsm.site\/metapraxisprueba\/wp-content\/uploads\/2019\/12\/about-gap-250x1.png 250w, https:\/\/testsm.site\/metapraxisprueba\/wp-content\/uploads\/2019\/12\/about-gap-150x1.png 150w\" sizes=\"(max-width: 350px) 100vw, 350px\" \/>\t\t\t\t\t\t\t\t\t\t\t\t\t\t\t<\/div>\n\t\t\t\t<\/div>\n\t\t            <\/div>\n        <\/div>\n                <div class=\"elementor-column elementor-col-50 elementor-top-column elementor-element elementor-element-1bb8bef0\" data-id=\"1bb8bef0\" data-element_type=\"column\">\n            <div class=\"elementor-widget-wrap elementor-element-populated\">\n                        \t\t<div class=\"elementor-element elementor-element-40e6861c wow fadeInRight elementor-widget elementor-widget-ct_banner\" data-id=\"40e6861c\" data-element_type=\"widget\" data-widget_type=\"ct_banner.default\">\n\t\t\t\t<div class=\"elementor-widget-container\">\n\t\t\t<div class=\"ct-banner1 \" data-wow-delay=\"ms\">\r\n\t<div class=\"ct-banner-imge\">\r\n    \t<img fetchpriority=\"high\" decoding=\"async\" width=\"510\" height=\"730\" src=\"https:\/\/testsm.site\/metapraxisprueba\/wp-content\/uploads\/2019\/12\/banner-01.png\" class=\"attachment-full size-full wp-image-2306\" alt=\"\" srcset=\"https:\/\/testsm.site\/metapraxisprueba\/wp-content\/uploads\/2019\/12\/banner-01.png 510w, https:\/\/testsm.site\/metapraxisprueba\/wp-content\/uploads\/2019\/12\/banner-01-210x300.png 210w\" sizes=\"(max-width: 510px) 100vw, 510px\" \/>        <h3 class=\"ct-banner-title\">Years of Experience<\/h3>\r\n    <\/div>\r\n<\/div>\t\t<\/div>\n\t\t\t\t<\/div>\n\t\t            <\/div>\n        <\/div>\n                            <\/div>\n        <\/section>\n                <section class=\"elementor-section elementor-top-section elementor-element elementor-element-38f7332b elementor-section-boxed elementor-section-height-default elementor-section-height-default ct-header-fixed-none ct-row-max-none\" data-id=\"38f7332b\" data-element_type=\"section\" data-settings=\"{&quot;background_background&quot;:&quot;slideshow&quot;,&quot;background_slideshow_gallery&quot;:[{&quot;id&quot;:8805,&quot;url&quot;:&quot;https:\\\/\\\/testsm.site\\\/metapraxisprueba\\\/wp-content\\\/uploads\\\/2023\\\/11\\\/fondo2.png&quot;}],&quot;background_slideshow_loop&quot;:&quot;yes&quot;,&quot;background_slideshow_slide_duration&quot;:5000,&quot;background_slideshow_slide_transition&quot;:&quot;fade&quot;,&quot;background_slideshow_transition_duration&quot;:500}\">\n            \n                        <div class=\"elementor-container elementor-column-gap-extended \">\n                    <div class=\"elementor-column elementor-col-100 elementor-top-column elementor-element elementor-element-7dba3a7e\" data-id=\"7dba3a7e\" data-element_type=\"column\">\n            <div class=\"elementor-widget-wrap elementor-element-populated\">\n                        \t\t<div class=\"elementor-element elementor-element-9b8a233 elementor-widget elementor-widget-spacer\" data-id=\"9b8a233\" data-element_type=\"widget\" data-widget_type=\"spacer.default\">\n\t\t\t\t<div class=\"elementor-widget-container\">\n\t\t\t<style>\/*! elementor - v3.17.0 - 08-11-2023 *\/\n.elementor-column .elementor-spacer-inner{height:var(--spacer-size)}.e-con{--container-widget-width:100%}.e-con-inner>.elementor-widget-spacer,.e-con>.elementor-widget-spacer{width:var(--container-widget-width,var(--spacer-size));--align-self:var(--container-widget-align-self,initial);--flex-shrink:0}.e-con-inner>.elementor-widget-spacer>.elementor-widget-container,.e-con>.elementor-widget-spacer>.elementor-widget-container{height:100%;width:100%}.e-con-inner>.elementor-widget-spacer>.elementor-widget-container>.elementor-spacer,.e-con>.elementor-widget-spacer>.elementor-widget-container>.elementor-spacer{height:100%}.e-con-inner>.elementor-widget-spacer>.elementor-widget-container>.elementor-spacer>.elementor-spacer-inner,.e-con>.elementor-widget-spacer>.elementor-widget-container>.elementor-spacer>.elementor-spacer-inner{height:var(--container-widget-height,var(--spacer-size))}.e-con-inner>.elementor-widget-spacer.elementor-widget-empty,.e-con>.elementor-widget-spacer.elementor-widget-empty{position:relative;min-height:22px;min-width:22px}.e-con-inner>.elementor-widget-spacer.elementor-widget-empty .elementor-widget-empty-icon,.e-con>.elementor-widget-spacer.elementor-widget-empty .elementor-widget-empty-icon{position:absolute;top:0;bottom:0;left:0;right:0;margin:auto;padding:0;width:22px;height:22px}<\/style>\t\t<div class=\"elementor-spacer\">\n\t\t\t<div class=\"elementor-spacer-inner\"><\/div>\n\t\t<\/div>\n\t\t\t\t<\/div>\n\t\t\t\t<\/div>\n\t\t        <section class=\"elementor-section elementor-inner-section elementor-element elementor-element-735a4111 elementor-section-content-middle elementor-section-boxed elementor-section-height-default elementor-section-height-default ct-header-fixed-none ct-row-max-none\" data-id=\"735a4111\" data-element_type=\"section\">\n            \n                        <div class=\"elementor-container elementor-column-gap-extended \">\n                    <div class=\"elementor-column elementor-col-50 elementor-inner-column elementor-element elementor-element-44317976\" data-id=\"44317976\" data-element_type=\"column\">\n            <div class=\"elementor-widget-wrap elementor-element-populated\">\n                        \t\t<div class=\"elementor-element elementor-element-e36d3ea line-sub-preset2 elementor-widget elementor-widget-ct_heading\" data-id=\"e36d3ea\" data-element_type=\"widget\" data-widget_type=\"ct_heading.default\">\n\t\t\t\t<div class=\"elementor-widget-container\">\n\t\t\t<div id=\"ct_heading-e36d3ea\" class=\"ct-heading h-align- sub-style1 ct-heading-left item-st-default\">\r\n\t<div class=\"ct-item--inner\">\r\n        <div class=\"ct-inline-css\"  data-css=\"\r\n            \">\r\n        <\/div>\r\n                <h3 class=\"item--title st-default wow wow fadeInLeft\" data-wow-delay=\"ms\">\r\n                        <span class=\"sp-main\">\r\n                \r\n                Objetivos\r\n                \r\n                            <\/span>\r\n                    <\/h3>\r\n    <\/div>\r\n<\/div>\t\t<\/div>\n\t\t\t\t<\/div>\n\t\t            <\/div>\n        <\/div>\n                <div class=\"elementor-column elementor-col-50 elementor-inner-column elementor-element elementor-element-4edf15d2\" data-id=\"4edf15d2\" data-element_type=\"column\">\n            <div class=\"elementor-widget-wrap elementor-element-populated\">\n                        \t\t<div class=\"elementor-element elementor-element-54c181e1 wow fadeInRight elementor-widget elementor-widget-text-editor\" data-id=\"54c181e1\" data-element_type=\"widget\" data-widget_type=\"text-editor.default\">\n\t\t\t\t<div class=\"elementor-widget-container\">\n\t\t\t\t\t\t\t\t\t\t\t\t\t<\/div>\n\t\t\t\t<\/div>\n\t\t            <\/div>\n        <\/div>\n                            <\/div>\n        <\/section>\n        \t\t<div class=\"elementor-element elementor-element-21927eaa elementor-widget elementor-widget-ct_fancy_box_grid\" data-id=\"21927eaa\" data-element_type=\"widget\" data-widget_type=\"ct_fancy_box_grid.default\">\n\t\t\t\t<div class=\"elementor-widget-container\">\n\t\t\t    <div id=\"ct_fancy_box_grid-21927eaa\" class=\"ct-grid ct-fancy-box-grid ct-fancy-box-grid2\">\r\n        <div class=\"ct-grid-inner ct-grid-masonry row\" data-gutter=\"7\">\r\n                            <div class=\"grid-item col-xl-4 col-lg-4 col-md-6 col-sm-6 col-12\">\r\n                    <div class=\"item--inner same-height\">\r\n                                                                            <div class=\"item--icon\">\r\n                                <img decoding=\"async\" width=\"512\" height=\"512\" src=\"https:\/\/testsm.site\/metapraxisprueba\/wp-content\/uploads\/2023\/12\/1.png\" class=\"attachment-full\" alt=\"\" \/>                            <\/div>\r\n                        \r\n                        <h3 class=\"item--title\">    \r\n                                                    <\/h3>\r\n                        <div class=\"item--desc\">Brindar soluciones integrales a los problemas de gesti\u00f3n operativa y estrat\u00e9gica que enfrentan las empresas, mediante los servicios de capacitaci\u00f3n y consultor\u00eda.\n<br><br><br>\n\n\n\n<\/div>\r\n                                           <\/div>\r\n                   <div class=\"item--shadow\"><\/div>\r\n                <\/div>\r\n                            <div class=\"grid-item col-xl-4 col-lg-4 col-md-6 col-sm-6 col-12\">\r\n                    <div class=\"item--inner same-height\">\r\n                                                                            <div class=\"item--icon\">\r\n                                <img loading=\"lazy\" decoding=\"async\" width=\"512\" height=\"512\" src=\"https:\/\/testsm.site\/metapraxisprueba\/wp-content\/uploads\/2023\/12\/2.png\" class=\"attachment-full\" alt=\"\" \/>                            <\/div>\r\n                        \r\n                        <h3 class=\"item--title\">    \r\n                                                    <\/h3>\r\n                        <div class=\"item--desc\">Ayudar a las organizaciones y clientes en general a mejorar su desempe\u00f1o e incrementar su creaci\u00f3n de valor. \n<br><br><br><br><br><\/div>\r\n                                                    <a class=\"item-link\" href=\"https:\/\/demo.casethemes.net\/consultio\/service\/business-strategy\/\"><\/a>\r\n                                           <\/div>\r\n                   <div class=\"item--shadow\"><\/div>\r\n                <\/div>\r\n                            <div class=\"grid-item col-xl-4 col-lg-4 col-md-6 col-sm-6 col-12\">\r\n                    <div class=\"item--inner same-height\">\r\n                                                                            <div class=\"item--icon\">\r\n                                <img loading=\"lazy\" decoding=\"async\" width=\"512\" height=\"512\" src=\"https:\/\/testsm.site\/metapraxisprueba\/wp-content\/uploads\/2023\/12\/3.png\" class=\"attachment-full\" alt=\"\" \/>                            <\/div>\r\n                        \r\n                        <h3 class=\"item--title\">    \r\n                                                    <\/h3>\r\n                        <div class=\"item--desc\">Contribuir a la productividad, generaci\u00f3n de valor, crecimiento de Empresas e Instituciones a trav\u00e9s de consultor\u00edas, asesor\u00edas y el desarrollo de su talento humano, satisfaciendo sus necesidades y expectativas, mediante la prestaci\u00f3n de nuestros servicios profesionales.<\/div>\r\n                                                    <a class=\"item-link\" href=\"https:\/\/demo.casethemes.net\/consultio\/service\/business-strategy\/\"><\/a>\r\n                                           <\/div>\r\n                   <div class=\"item--shadow\"><\/div>\r\n                <\/div>\r\n                        <div class=\"grid-sizer col-xl-4 col-lg-4 col-md-6 col-sm-6 col-12\"><\/div>\r\n        <\/div>\r\n    <\/div>\r\n\t\t<\/div>\n\t\t\t\t<\/div>\n\t\t            <\/div>\n        <\/div>\n                            <\/div>\n        <\/section>\n        \t\t\t\t\t<\/div>\n\t\t","protected":false},"excerpt":{"rendered":"<p>Profesionales Equipo de profesionales especializados y comprometidos Somos un equipo de profesionales especializados y comprometidos en brindar capacitaciones, consultor\u00eda para optimizar la eficiencia operativa y la competitividad de la empresa a trav\u00e9s de la mejora de procesos, an\u00e1lisis de informaci\u00f3n abarcando las necesidades espec\u00edficas y entregando soluciones a medida. Profesionales especializados Comprometidos Capacitaciones Competitividad Years [&hellip;]<\/p>\n","protected":false},"author":1,"featured_media":0,"parent":0,"menu_order":0,"comment_status":"closed","ping_status":"closed","template":"","meta":{"footnotes":""},"class_list":["post-8001","page","type-page","status-publish","hentry"],"_links":{"self":[{"href":"https:\/\/testsm.site\/metapraxisprueba\/wp-json\/wp\/v2\/pages\/8001","targetHints":{"allow":["GET"]}}],"collection":[{"href":"https:\/\/testsm.site\/metapraxisprueba\/wp-json\/wp\/v2\/pages"}],"about":[{"href":"https:\/\/testsm.site\/metapraxisprueba\/wp-json\/wp\/v2\/types\/page"}],"author":[{"embeddable":true,"href":"https:\/\/testsm.site\/metapraxisprueba\/wp-json\/wp\/v2\/users\/1"}],"replies":[{"embeddable":true,"href":"https:\/\/testsm.site\/metapraxisprueba\/wp-json\/wp\/v2\/comments?post=8001"}],"version-history":[{"count":33,"href":"https:\/\/testsm.site\/metapraxisprueba\/wp-json\/wp\/v2\/pages\/8001\/revisions"}],"predecessor-version":[{"id":10288,"href":"https:\/\/testsm.site\/metapraxisprueba\/wp-json\/wp\/v2\/pages\/8001\/revisions\/10288"}],"wp:attachment":[{"href":"https:\/\/testsm.site\/metapraxisprueba\/wp-json\/wp\/v2\/media?parent=8001"}],"curies":[{"name":"wp","href":"https:\/\/api.w.org\/{rel}","templated":true}]}}